{"id":3,"date":"2024-08-30T07:40:12","date_gmt":"2024-08-30T07:40:12","guid":{"rendered":"http:\/\/architaur.com\/?page_id=3"},"modified":"2026-02-24T12:06:43","modified_gmt":"2026-02-24T11:06:43","slug":"privacy-policy","status":"publish","type":"page","link":"https:\/\/architaur.com\/en\/privacy-policy\/","title":{"rendered":"Privacy Policy"},"content":{"rendered":"<h1 class=\"wp-block-heading\">Privacy Policy<\/h1>\n\n<p>Last Updated On 12-Jun-2025<br \/>Effective Date 12-Jun-2025<\/p>\n<p>This Privacy Policy describes the policies of Architaur, Vojvode Stepe 74, Serbia 11000, Serbia, email: marketing@architaur.com, phone: 0655306361 on the collection, use and disclosure of your information that we collect when you use our website ( https:\/\/architaur.com ). (the \u201cService\u201d). By accessing or using the Service, you are consenting to the collection, use and disclosure of your information in accordance with this Privacy Policy. If you do not consent to the same, please do not access or use the Service. <a href=\"mailto:marketing@architaur.com\">marketing@architaur.com<\/a>, tel: 060 5035425, u vezi sa prikupljanjem, kori\u0161\u0107enjem i otkrivanjem va\u0161ih podataka koje prikupljamo kada koristite na\u0161u veb-stranicu (<a href=\"https:\/\/architaur.com\/en\/\">https:\/\/architaur.com<\/a>) (u daljem tekstu: \u201cUsluga\u201d). Kori\u0161\u0107enjem ili pristupom Usluzi, dajete saglasnost na prikupljanje, kori\u0161\u0107enje i otkrivanje podataka u skladu sa ovom Politikom privatnosti. Ako se ne sla\u017eete, molimo vas da ne koristite Uslugu.<\/p>\n<p>\u00a0<\/p>\n<p>We may modify this Privacy Policy at any time without any prior notice to you and will post the revised Privacy Policy on the Service. The revised Policy will be effective 180 days from when the revised Policy is posted in the Service and your continued access or use of the Service after such time will constitute your acceptance of the revised Privacy Policy. We therefore recommend that you periodically review this page.<\/p>\n\n<h2 class=\"wp-block-heading\">1. Information We Collect<\/h2>\n\n<p>We will collect and process the following personal information about you:<br \/>\u2022 Name<br \/>\u2022 Email<\/p>\n\n<h2 class=\"wp-block-heading\">2. How We Use Your Information<\/h2>\n\n<p>We will use the information that we collect about you for the following purposes:<\/p>\n<p>\u2022 Marketing\/ Promotional<br \/>\u2022 Targeted advertising<\/p>\n<p>If we want to use your information for any other purpose, we will ask you for consent and will use your information only on receiving your consent and then, only for the purpose(s) for which grant consent unless we are required to do otherwise by law.<\/p>\n\n<h2 class=\"wp-block-heading\">3. How We Share Your Information<\/h2>\n\n<p>We will not transfer your personal information to any third party without seeking your consent, except in limited circumstances as described below:<br \/>\u2022 Ad service<br \/>\u2022 Analytics<\/p>\n<p>We require such third party\u2019s to use the personal information we transfer to them only for the purpose for which it was transferred and not to retain it for longer than is required for fulfilling the said purpose.<\/p>\n<p><br \/>We may also disclose your personal information for the following:<br \/>1. to comply with applicable law, regulation, court order or other legal process;<br \/>2. to enforce your agreements with us, including this Privacy Policy; or<br \/>3. to respond to claims that your use of the Service violates any third-party rights.<\/p>\n<p>If the Service or our company is merged or acquired with another company, your information will be one of the assets that is transferred to the new owner.<\/p>\n\n<h2 class=\"wp-block-heading\">4. Retention Of Your Information<\/h2>\n\n<p>We will retain your personal information with us for 14 months or for as long as we need it to fulfill the purposes for which it was collected as detailed in this Privacy Policy. We may need to retain certain information for longer periods such as record-keeping \/ reporting in accordance with applicable law or for other legitimate reasons like enforcement of legal rights, fraud prevention, etc. Residual anonymous information and aggregate information, neither of which identifies you (directly or indirectly), may be stored indefinitely.<\/p>\n\n<h2 class=\"wp-block-heading\">5. Your Rights<\/h2>\n\n<p>U skladu sa zakonom, imate pravo da:<br \/>\u2022 pristupite i ispravite ili obri\u0161ete svoje podatke;<br \/>\u2022 zatra\u017eite kopiju svojih podataka;<br \/>\u2022 ograni\u010dite ili se usprotivite njihovoj obradi;<br \/>\u2022 prenesete podatke drugom ponu\u0111a\u010du usluga;<br \/>\u2022 povu\u010dete saglasnost u bilo kom trenutku;<br \/>\u2022 podnesete pritu\u017ebu nadle\u017enom telu.<br \/><br \/>Za ostvarivanje prava pi\u0161ite nam na marketing@architaur.com. Odgovori\u0107emo vam u skladu sa zakonskim rokovima.<br \/>Mo\u017eete se odjaviti sa direktnog marketinga ili profilisanja za marketing slanjem zahteva na marketing@architaur.com.<\/p>\n<p>Do note that if you do not allow us to collect or process the required personal information or withdraw the consent to process the same for the required purposes, you may not be able to access or use the services for which your information was sought.<\/p>\n\n<h2 class=\"wp-block-heading\">6. Cookies Etc.<\/h2>\n\n<p>What are cookies?<br \/>This Cookie Policy explains what cookies are and how we use them, the types of cookies we use i.e, the information we collect using cookies and how that information is used, and how to manage the cookie settings.\nCookies are small text files that are used to store small pieces of information. They are stored on your device when the website is loaded on your browser. These cookies help us make the website function properly, make it more secure, provide better user experience, and understand how the website performs and to analyze what works and where it needs improvement.<\/p>\n<p>How do we use cookies?<br \/>How do we use cookies?<br \/>1. Prva strana (first-party cookies) \u2013 neophodni su za osnovno funkcionisanje sajta i ne prikupljaju va\u0161e li\u010dne podatke.<br \/>2. Tre\u0107a strana (third-party cookies) \u2013 poma\u017eu nam da merimo performanse sajta, analiziramo interakcije, obezbedimo bezbednost, prikazujemo relevantne oglase i ubrzamo budu\u0107e posete.<\/p>\n<p><br \/>Kategorije kola\u010di\u0107a koje koristimo<br \/>First-party cookies are mostly necessary for the website to function the right way, and they do not collect any of your personally identifiable data.<br \/>\u2022 Analiti\u010dki: prate kako koristite sajt radi pobolj\u0161anja performansi.<br \/>You can change your cookie preferences any time by clicking the Cookie Preferences. This will let you revisit the cookie consent banner and change your preferences or withdraw your consent right away. In addition to this, different browsers provide different methods to block and delete cookies used by websites.<br \/>You can change the settings of your browser to block\/delete the cookies.<\/p>\n<p class=\"translation-block\">***<\/p>\n\n<h2 class=\"wp-block-heading\">7. Security<\/h2>\n\n<p>The security of your information is important to us and we will use reasonable security measures to prevent the loss, misuse or unauthorized alteration of your information under our control. However, given the inherent risks, we cannot guarantee absolute security and consequently, we cannot ensure or warrant the security of any information you transmit to us and you do so at your own risk.<\/p>\n\n<h2 class=\"wp-block-heading\">8. Grievance \/ Data Protection Officer<\/h2>\n\n<p>If you have any queries or concerns about the processing of your information that is available with us, you may email our Grievance Officer at Architaur, Vojvode Stepe 74, email: marketing@architaur.com.<\/p>\n<p>We will address your concerns in accordance with applicable law.<\/p>\n<p class=\"translation-block\">***<\/p>","protected":false},"excerpt":{"rendered":"<p>Politika privatnosti Poslednjaizmena: 12. jun 2025.Stupa nasnagu: 12. jun 2025. Ova Politika privatnosti opisuje pravila kompanije Architaur, Vojvode Stepe 74, 11000 Beograd, Srbija, e-mail: marketing@architaur.com, tel: 060 5035425, u vezi sa prikupljanjem, kori\u0161\u0107enjem i otkrivanjem va\u0161ih podataka koje prikupljamo kada koristite na\u0161u veb-stranicu (https:\/\/architaur.com) (u daljem tekstu: \u201cUsluga\u201d). Kori\u0161\u0107enjem ili pristupom Usluzi, dajete saglasnost na [&hellip;]<\/p>","protected":false},"author":1,"featured_media":0,"parent":0,"menu_order":0,"comment_status":"closed","ping_status":"open","template":"","meta":{"footnotes":""},"class_list":["post-3","page","type-page","status-publish","hentry"],"aioseo_notices":[],"_links":{"self":[{"href":"https:\/\/architaur.com\/en\/wp-json\/wp\/v2\/pages\/3","targetHints":{"allow":["GET"]}}],"collection":[{"href":"https:\/\/architaur.com\/en\/wp-json\/wp\/v2\/pages"}],"about":[{"href":"https:\/\/architaur.com\/en\/wp-json\/wp\/v2\/types\/page"}],"author":[{"embeddable":true,"href":"https:\/\/architaur.com\/en\/wp-json\/wp\/v2\/users\/1"}],"replies":[{"embeddable":true,"href":"https:\/\/architaur.com\/en\/wp-json\/wp\/v2\/comments?post=3"}],"version-history":[{"count":11,"href":"https:\/\/architaur.com\/en\/wp-json\/wp\/v2\/pages\/3\/revisions"}],"predecessor-version":[{"id":3188,"href":"https:\/\/architaur.com\/en\/wp-json\/wp\/v2\/pages\/3\/revisions\/3188"}],"wp:attachment":[{"href":"https:\/\/architaur.com\/en\/wp-json\/wp\/v2\/media?parent=3"}],"curies":[{"name":"wp","href":"https:\/\/api.w.org\/{rel}","templated":true}]}}