{"id":163,"date":"2024-09-02T13:01:09","date_gmt":"2024-09-02T13:01:09","guid":{"rendered":"https:\/\/architaur.com\/?page_id=163"},"modified":"2026-03-25T07:03:43","modified_gmt":"2026-03-25T06:03:43","slug":"pocetna","status":"publish","type":"page","link":"https:\/\/architaur.com\/en\/","title":{"rendered":"Po\u010detna"},"content":{"rendered":"<h2 class=\"has-text-align-left wp-block-heading\"><strong>Vizuelizacija pre realizacije<\/strong><\/h2>\n\n<br>An interior that reflects your personality and sensibility.\n\n<br>Nijedan gost ne\u0107e oti\u0107i bez &#8222;WOW&#8220; efekta\n\nJednostavan proces u par koraka. Sa\u010duvajte vreme i strpljenje za va\u017ene stvari\n\n<div class=\"wp-block-buttons is-layout-flex wp-block-buttons-is-layout-flex\"><div class=\"wp-block-button\"><a class=\"wp-block-button__link\">Start Your Project<\/a><\/div><\/div>\n\n<h2 class=\"has-text-align-left wp-block-heading\"><b>Od papira do tr\u017ei\u0161ta\r<\/b><div><b>&#8211; jedan tim<\/b><\/div><\/h2>\n\n<p>Nudimo usluge koje prate ceo \u201c\u017eivotni put\u201d jedne nekretnine.<\/p>\n<ul>\n<li>Izrada geodetskog elaborata, eta\u017eiranje i upis u katastar<\/li>\n<li>Ure\u0111enje \/ opremanje \/ priprema enterijera za prezentaciju<\/li>\n<li>Prodaja i izdavanje nekretnina<\/li>\n<\/ul>\n\n<h3 class=\"wp-block-heading\"><strong>Popunite upitnik<\/strong><\/h3>\n\n<figure class=\"wp-block-image size-medium\"><img loading=\"lazy\" decoding=\"async\" width=\"300\" height=\"200\" src=\"https:\/\/architaur.com\/wp-content\/uploads\/2026\/02\/uredjenje-enterijera-inspiracija-300x200.webp\" alt class=\"wp-image-3210\" srcset=\"https:\/\/architaur.com\/wp-content\/uploads\/2026\/02\/uredjenje-enterijera-inspiracija-300x200.webp 300w, https:\/\/architaur.com\/wp-content\/uploads\/2026\/02\/uredjenje-enterijera-inspiracija-1024x683.webp 1024w, https:\/\/architaur.com\/wp-content\/uploads\/2026\/02\/uredjenje-enterijera-inspiracija-768x512.webp 768w, https:\/\/architaur.com\/wp-content\/uploads\/2026\/02\/uredjenje-enterijera-inspiracija-18x12.webp 18w, https:\/\/architaur.com\/wp-content\/uploads\/2026\/02\/uredjenje-enterijera-inspiracija.webp 1536w\" sizes=\"auto, (max-width: 300px) 100vw, 300px\" \/><\/figure>\n\n<h3 class=\"wp-block-heading\"><strong>Inicijalni razgovor<\/strong><\/h3>\n\n<!-- wp:Array \/-->\n\n<h3 class=\"wp-block-heading\"><strong>Projektovanje<\/strong><\/h3>\n\n<figure class=\"wp-block-image size-medium\"><img loading=\"lazy\" decoding=\"async\" width=\"300\" height=\"200\" src=\"https:\/\/architaur.com\/wp-content\/uploads\/2026\/02\/konsultacije-sa-arhitektom-300x200.webp\" alt class=\"wp-image-3213\" srcset=\"https:\/\/architaur.com\/wp-content\/uploads\/2026\/02\/konsultacije-sa-arhitektom-300x200.webp 300w, https:\/\/architaur.com\/wp-content\/uploads\/2026\/02\/konsultacije-sa-arhitektom-1024x683.webp 1024w, https:\/\/architaur.com\/wp-content\/uploads\/2026\/02\/konsultacije-sa-arhitektom-768x512.webp 768w, https:\/\/architaur.com\/wp-content\/uploads\/2026\/02\/konsultacije-sa-arhitektom-18x12.webp 18w, https:\/\/architaur.com\/wp-content\/uploads\/2026\/02\/konsultacije-sa-arhitektom.webp 1536w\" sizes=\"auto, (max-width: 300px) 100vw, 300px\" \/><\/figure>\n\n<h3 class=\"wp-block-heading\"><strong>Predaja projekta<\/strong><\/h3>\n\n<p>Novi izgled va\u0161eg prostora je spreman.<\/p>\n\n<h3 class=\"wp-block-heading\"><strong>Popunite upitnik<\/strong><\/h3>\n\n<!-- wp:Array \/-->\n\n<figure class=\"wp-block-image size-medium\"><img loading=\"lazy\" decoding=\"async\" width=\"300\" height=\"200\" src=\"https:\/\/architaur.com\/wp-content\/uploads\/2026\/02\/uredjenje-enterijera-inspiracija-300x200.webp\" alt class=\"wp-image-3210\" srcset=\"https:\/\/architaur.com\/wp-content\/uploads\/2026\/02\/uredjenje-enterijera-inspiracija-300x200.webp 300w, https:\/\/architaur.com\/wp-content\/uploads\/2026\/02\/uredjenje-enterijera-inspiracija-1024x683.webp 1024w, https:\/\/architaur.com\/wp-content\/uploads\/2026\/02\/uredjenje-enterijera-inspiracija-768x512.webp 768w, https:\/\/architaur.com\/wp-content\/uploads\/2026\/02\/uredjenje-enterijera-inspiracija-18x12.webp 18w, https:\/\/architaur.com\/wp-content\/uploads\/2026\/02\/uredjenje-enterijera-inspiracija.webp 1536w\" sizes=\"auto, (max-width: 300px) 100vw, 300px\" \/><\/figure>\n\n<h3 class=\"wp-block-heading\"><strong>Inicijalni razgovor<\/strong><\/h3>\n\n<!-- wp:Array \/-->\n\n<figure class=\"wp-block-image size-medium\"><img loading=\"lazy\" decoding=\"async\" width=\"300\" height=\"200\" src=\"https:\/\/architaur.com\/wp-content\/uploads\/2026\/02\/dizajn-i-opremanje-enterijera-300x200.webp\" alt class=\"wp-image-3211\" srcset=\"https:\/\/architaur.com\/wp-content\/uploads\/2026\/02\/dizajn-i-opremanje-enterijera-300x200.webp 300w, https:\/\/architaur.com\/wp-content\/uploads\/2026\/02\/dizajn-i-opremanje-enterijera-1024x683.webp 1024w, https:\/\/architaur.com\/wp-content\/uploads\/2026\/02\/dizajn-i-opremanje-enterijera-768x512.webp 768w, https:\/\/architaur.com\/wp-content\/uploads\/2026\/02\/dizajn-i-opremanje-enterijera-18x12.webp 18w, https:\/\/architaur.com\/wp-content\/uploads\/2026\/02\/dizajn-i-opremanje-enterijera.webp 1536w\" sizes=\"auto, (max-width: 300px) 100vw, 300px\" \/><\/figure>\n\n<h3 class=\"wp-block-heading\"><strong>Projektovanje<\/strong><\/h3>\n\n<p>kroz sistem rada koji<br \/>rizik od razo\u010darenja<br \/>smanjuje na minimum.<\/p>\n\n<figure class=\"wp-block-image size-medium\"><img loading=\"lazy\" decoding=\"async\" width=\"300\" height=\"200\" src=\"https:\/\/architaur.com\/wp-content\/uploads\/2026\/02\/konsultacije-sa-arhitektom-300x200.webp\" alt class=\"wp-image-3213\" srcset=\"https:\/\/architaur.com\/wp-content\/uploads\/2026\/02\/konsultacije-sa-arhitektom-300x200.webp 300w, https:\/\/architaur.com\/wp-content\/uploads\/2026\/02\/konsultacije-sa-arhitektom-1024x683.webp 1024w, https:\/\/architaur.com\/wp-content\/uploads\/2026\/02\/konsultacije-sa-arhitektom-768x512.webp 768w, https:\/\/architaur.com\/wp-content\/uploads\/2026\/02\/konsultacije-sa-arhitektom-18x12.webp 18w, https:\/\/architaur.com\/wp-content\/uploads\/2026\/02\/konsultacije-sa-arhitektom.webp 1536w\" sizes=\"auto, (max-width: 300px) 100vw, 300px\" \/><\/figure>\n\n<h3 class=\"wp-block-heading\"><strong>Predaja projekta<\/strong><\/h3>\n\n<p>Novi izgled va\u0161eg prostora je spreman.<\/p>\n\n<figure class=\"wp-block-embed-youtube wp-block-embed is-type-video is-provider-youtube\"><div class=\"wp-block-embed__wrapper\">https:\/\/www.youtube.com\/watch?v=-CNA_ya0ccw<\/div><\/figure>\n\nLet\u2019s see how we can help you:\n\n<h3 class=\"has-text-align-center wp-block-heading\">Consultations<\/h3>\n\n<figure class=\"wp-block-image size-medium\"><img loading=\"lazy\" decoding=\"async\" width=\"300\" height=\"300\" src=\"https:\/\/architaur.com\/wp-content\/uploads\/2024\/09\/Projekat-300x300.webp\" alt class=\"wp-image-290\" srcset=\"https:\/\/architaur.com\/wp-content\/uploads\/2024\/09\/Projekat-300x300.webp 300w, https:\/\/architaur.com\/wp-content\/uploads\/2024\/09\/Projekat-1024x1024.webp 1024w, https:\/\/architaur.com\/wp-content\/uploads\/2024\/09\/Projekat-150x150.webp 150w, https:\/\/architaur.com\/wp-content\/uploads\/2024\/09\/Projekat-768x768.webp 768w, https:\/\/architaur.com\/wp-content\/uploads\/2024\/09\/Projekat-1536x1536.webp 1536w, https:\/\/architaur.com\/wp-content\/uploads\/2024\/09\/Projekat-2048x2048.webp 2048w\" sizes=\"auto, (max-width: 300px) 100vw, 300px\" \/><\/figure>\n\n<h3 class=\"has-text-align-center wp-block-heading\">Interior Design Project<\/h3>\n\n<div class=\"wp-block-buttons is-layout-flex wp-block-buttons-is-layout-flex\"><div class=\"wp-block-button\"><a class=\"wp-block-button__link\">See details<\/a><\/div><\/div>\n\n<h3 class=\"has-text-align-center wp-block-heading\">Implementation<\/h3>\n\n<p>At Architaur, we understand that you want your space to be <strong>aesthetically pleasing, functional, and a true reflection of your lifestyle.<\/strong><\/p>\n<p>To make a space like that, many different elements need to come together. These include:<\/p>\n\n<h2 class=\"has-text-align-center wp-block-heading\"><strong>PREDSTOJI VAM <br>OPREMANJE ENTERIJERA?<\/strong><\/h2>\n\nPodeli svoje ideje sa nama i\r<div>zapo\u010dni projekat ve\u0107 sutra.<\/div>\n\n\n\n<div class=\"wp-block-buttons is-layout-flex wp-block-buttons-is-layout-flex\"><div class=\"wp-block-button\"><a class=\"wp-block-button__link\">Svi tekstovi<\/a><\/div><\/div>\n\n                <div class=\"ml-embedded\" data-form=\"6rMSRK\"><\/div>\n            \n\n\n\n\n<h1 class=\"has-text-align-left wp-block-heading\">Promi\u0161ljen <br>Interior Design team<br><\/h1>\n\n<div class=\"wp-block-buttons is-layout-flex wp-block-buttons-is-layout-flex\"><div class=\"wp-block-button\"><a class=\"wp-block-button__link\">Interior Design<\/a><\/div><\/div>\n\n<div class=\"wp-block-buttons is-layout-flex wp-block-buttons-is-layout-flex\"><div class=\"wp-block-button\"><a class=\"wp-block-button__link\">Start Your Project<\/a><\/div><\/div>\n\n<p>It\u2019s completely okay if you didn\u2019t realize how many elements are involved in designing a space \u2014 or how to connect them into a perfect whole that supports your daily rhythm and lifestyle.<\/p>\n<p>That\u2019s why you might already feel overwhelmed \u2014 even before the process has actually begun.<\/p>\n<p>Our mission is to give you the opportunity to entrust these major life decisions to professionals, while you <strong>enjoy your time<\/strong> spending it on the people and things you love.<\/p>\n<p>We understand that patience and budget are the first to be tested in a large and lengthy process like renovating or furnishing an interior. That\u2019s why, over the years, we have optimized our workflows to always stay within the <strong>planned timelines and budgets.<\/strong><\/p>\n<p><strong>What does the process involve?<\/strong><\/p>\n<p>Through simple communication, we go through three phases of professional interior design.<\/p>\n\n<p><strong>\u2022 concept designs,<\/strong><br \/><strong>\u2022 2D layouts,<\/strong><br \/><strong>\u2022 3D models,<\/strong><br \/><strong>\u2022 renderings,<\/strong><br \/><strong>\u2022 virtual tours\u2026<\/strong><\/p>\n\n<!-- wp:Array \/-->\n\n<p>5.0\u00a0<\/p>\n\n<figure class=\"wp-block-image size-medium\"><img loading=\"lazy\" decoding=\"async\" width=\"300\" height=\"300\" src=\"https:\/\/architaur.com\/wp-content\/uploads\/2025\/10\/gold-star-300x300.png\" alt class=\"wp-image-2777\"><\/figure>\n\n<figure class=\"wp-block-image size-medium\"><img loading=\"lazy\" decoding=\"async\" width=\"300\" height=\"300\" src=\"https:\/\/architaur.com\/wp-content\/uploads\/2025\/10\/gold-star-300x300.png\" alt class=\"wp-image-2777\"><\/figure>\n\n<figure class=\"wp-block-image size-medium\"><img loading=\"lazy\" decoding=\"async\" width=\"300\" height=\"300\" src=\"https:\/\/architaur.com\/wp-content\/uploads\/2025\/10\/gold-star-300x300.png\" alt class=\"wp-image-2777\"><\/figure>\n\n<figure class=\"wp-block-image size-medium\"><img loading=\"lazy\" decoding=\"async\" width=\"300\" height=\"300\" src=\"https:\/\/architaur.com\/wp-content\/uploads\/2025\/10\/gold-star-300x300.png\" alt class=\"wp-image-2777\"><\/figure>\n\n<figure class=\"wp-block-image size-medium\"><img loading=\"lazy\" decoding=\"async\" width=\"300\" height=\"300\" src=\"https:\/\/architaur.com\/wp-content\/uploads\/2025\/10\/gold-star-300x300.png\" alt class=\"wp-image-2777\"><\/figure>\n\n<p><a href=\"https:\/\/www.google.com\/search?q=architaur&amp;sca_esv=4e1199e6e2dd9208&amp;sxsrf=AE3TifNa5fwf_9bTMVlx0t5RJTZPf_E6vQ%3A1761569784540&amp;ei=-Gv_aO3cIM2K9u8Po57S-A8&amp;ved=0ahUKEwjtuITqtsSQAxVNhf0HHSOPFP8Q4dUDCBA&amp;uact=5&amp;oq=architaur&amp;gs_lp=Egxnd3Mtd2l6LXNlcnAiCWFyY2hpdGF1cjIEECMYJzIQEC4YgAQYxwEYJxiKBRivATIGEAAYBxgeMgoQABiABBgKGMsBMgQQABgeMgQQABgeMgQQABgeMgQQABgeMgIQJjIFEAAY7wVI0wFQAFgAcAB4AZABAJgBggGgAYIBqgEDMC4xuAEDyAEA-AEBmAIBoAKMAZgDAJIHAzAuMaAHxguyBwMwLjG4B4wBwgcDMi0xyAcH&amp;sclient=gws-wiz-serp#lrd=0x475a715ac4ad4b57:0xffed8c15ae1760c6,1,,,,\" target=\"_blank\" rel=\"noopener\">23 Google reviews<\/a><\/p>\n\n<p><strong>ZA BOLJI KVALITET SVAKODNEVNICE<\/strong><\/p>\n\n<p><span class=\"a_GcMg font-feature-liga-off font-feature-clig-off font-feature-calt-off text-decoration-none text-strikethrough-none\">Radimo sa ljudima koji znaju da prostor u kojem \u017eive uti\u010de na to kako \u017eive. Projektovanje enterijera, izvo\u0111enje radova i nadzor nad izvo\u0111enjem.<\/span><\/p>\n\n<h2 class=\"has-text-align-left wp-block-heading\"><strong>Izvedeni projekti<\/strong><\/h2>\n\nA straightforward process in a few steps. Save your time and patience for what matters most.\n\n<br>An interior that reflects your personality and sensibility.\n\n<br>Nijedan gost ne\u0107e oti\u0107i bez &#8222;WOW&#8220; efekta\n\n<p>\u201c<em>Ure\u0111enje enterijera nije luksuz.<\/em><br \/><em>To je neophodnost za dobar \u017eivot.<\/em>\u201d<br \/>&#8211; Albert Hadley<\/p>\n\n<p>Hvala klijentima koji su odabrali Architaur i ukazali nam poverenje<br \/>da \u0107emo od njihovog doma napraviti bolje mesto za \u017eivot.<\/p>\n<p><a href=\"https:\/\/architaur.com\/en\/portfolio\/\">Portfolio -&gt;<\/a><\/p>\n\n<h2 class=\"has-text-align-left wp-block-heading\"><strong>Our Design Process<\/strong><\/h2>\n\n<p>Jednostavan proces u par koraka.<br \/>Sa\u010duvajte vreme i strpljenje za va\u017ene stvari.<\/p>\n\n<figure class=\"wp-block-image size-medium\"><img loading=\"lazy\" decoding=\"async\" width=\"300\" height=\"200\" src=\"https:\/\/architaur.com\/wp-content\/uploads\/2026\/02\/koliko-kosta-projekat-enterijera-300x200.webp\" alt class=\"wp-image-3209\" srcset=\"https:\/\/architaur.com\/wp-content\/uploads\/2026\/02\/koliko-kosta-projekat-enterijera-300x200.webp 300w, https:\/\/architaur.com\/wp-content\/uploads\/2026\/02\/koliko-kosta-projekat-enterijera-1024x683.webp 1024w, https:\/\/architaur.com\/wp-content\/uploads\/2026\/02\/koliko-kosta-projekat-enterijera-768x512.webp 768w, https:\/\/architaur.com\/wp-content\/uploads\/2026\/02\/koliko-kosta-projekat-enterijera-18x12.webp 18w, https:\/\/architaur.com\/wp-content\/uploads\/2026\/02\/koliko-kosta-projekat-enterijera.webp 1536w\" sizes=\"auto, (max-width: 300px) 100vw, 300px\" \/><\/figure>\n\n<!-- wp:Array \/-->\n\n<!-- wp:Array \/-->\n\n<h3 class=\"wp-block-heading\"><strong>3D MODEL<\/strong><\/h3>\n\n<!-- wp:Array \/-->\n\n<h3 class=\"wp-block-heading\"><strong>RENDERI<\/strong><\/h3>\n\n<!-- wp:Array \/-->\n\n<h3 class=\"has-text-align-center wp-block-heading\"><strong>360 VIRTUELNA TURA<\/strong><\/h3>\n\n<!-- wp:Array \/-->\n\n<p><em>Ovaj do\u017eivljaj prostora iz svih uglova trenutak je kada sve sumnje nestaju.<\/em><\/p>\n\n<h2 class=\"has-text-align-center wp-block-heading\"><b>Va\u0161 dom je previ\u0161e va\u017ean da biste o njemu brinuli sami.<\/b><\/h2>\n\n<p>U Architauru verujemo da klijenti ne zaslu\u017euju kompromis izme\u0111u dopadljivog i funkcionalnog. Na\u0161 proces je osmi\u0161ljen tako da svaka faza, od prvog razgovora do zavr\u0161nog detalja, bude jasna i transparentna. Tako dobijate ne samo prostor koji izgleda dobro, ve\u0107 prostor u kojem \u0107ete u\u017eivati da boravite.<\/p>\n\n<h3 class=\"wp-block-heading\"><strong>Consultations<\/strong><\/h3>\n\n<!-- wp:Array \/-->\n\n<div class=\"wp-block-buttons is-layout-flex wp-block-buttons-is-layout-flex\"><div class=\"wp-block-button\"><a class=\"wp-block-button__link\">See details<\/a><\/div><\/div>\n\n<figure class=\"wp-block-image size-large\"><img loading=\"lazy\" decoding=\"async\" width=\"1024\" height=\"683\" src=\"https:\/\/architaur.com\/wp-content\/uploads\/2026\/02\/projektovanje-enterijera-1024x683.webp\" alt class=\"wp-image-3250\" srcset=\"https:\/\/architaur.com\/wp-content\/uploads\/2026\/02\/projektovanje-enterijera-1024x683.webp 1024w, https:\/\/architaur.com\/wp-content\/uploads\/2026\/02\/projektovanje-enterijera-300x200.webp 300w, https:\/\/architaur.com\/wp-content\/uploads\/2026\/02\/projektovanje-enterijera-768x512.webp 768w, https:\/\/architaur.com\/wp-content\/uploads\/2026\/02\/projektovanje-enterijera-18x12.webp 18w, https:\/\/architaur.com\/wp-content\/uploads\/2026\/02\/projektovanje-enterijera.webp 1536w\" sizes=\"auto, (max-width: 1024px) 100vw, 1024px\" \/><\/figure>\n\n<h3 class=\"wp-block-heading\"><strong>Interior Design Project<\/strong><\/h3>\n\n<!-- wp:Array \/-->\n\n<div class=\"wp-block-buttons is-layout-flex wp-block-buttons-is-layout-flex\"><div class=\"wp-block-button\"><a class=\"wp-block-button__link\">See details<\/a><\/div><\/div>\n\n<figure class=\"wp-block-image size-large\"><img loading=\"lazy\" decoding=\"async\" width=\"1024\" height=\"683\" src=\"https:\/\/architaur.com\/wp-content\/uploads\/2026\/02\/renoviranje-i-opremanje-enterijera-1024x683.webp\" alt class=\"wp-image-3253\" srcset=\"https:\/\/architaur.com\/wp-content\/uploads\/2026\/02\/renoviranje-i-opremanje-enterijera-1024x683.webp 1024w, https:\/\/architaur.com\/wp-content\/uploads\/2026\/02\/renoviranje-i-opremanje-enterijera-300x200.webp 300w, https:\/\/architaur.com\/wp-content\/uploads\/2026\/02\/renoviranje-i-opremanje-enterijera-768x512.webp 768w, https:\/\/architaur.com\/wp-content\/uploads\/2026\/02\/renoviranje-i-opremanje-enterijera-18x12.webp 18w, https:\/\/architaur.com\/wp-content\/uploads\/2026\/02\/renoviranje-i-opremanje-enterijera.webp 1536w\" sizes=\"auto, (max-width: 1024px) 100vw, 1024px\" \/><\/figure>\n\n<h3 class=\"wp-block-heading\"><strong>Izvo\u0111enje radova<\/strong><\/h3>\n\n<!-- wp:Array \/-->\n\n<figure class=\"wp-block-image size-large\"><img loading=\"lazy\" decoding=\"async\" width=\"1024\" height=\"683\" src=\"https:\/\/architaur.com\/wp-content\/uploads\/2026\/02\/konsultacije-sa-arhitektom-1024x683.webp\" alt class=\"wp-image-3213\" srcset=\"https:\/\/architaur.com\/wp-content\/uploads\/2026\/02\/konsultacije-sa-arhitektom-1024x683.webp 1024w, https:\/\/architaur.com\/wp-content\/uploads\/2026\/02\/konsultacije-sa-arhitektom-300x200.webp 300w, https:\/\/architaur.com\/wp-content\/uploads\/2026\/02\/konsultacije-sa-arhitektom-768x512.webp 768w, https:\/\/architaur.com\/wp-content\/uploads\/2026\/02\/konsultacije-sa-arhitektom-18x12.webp 18w, https:\/\/architaur.com\/wp-content\/uploads\/2026\/02\/konsultacije-sa-arhitektom.webp 1536w\" sizes=\"auto, (max-width: 1024px) 100vw, 1024px\" \/><\/figure>\n\n<div class=\"wp-block-buttons is-layout-flex wp-block-buttons-is-layout-flex\"><div class=\"wp-block-button\"><a class=\"wp-block-button__link\">See details<\/a><\/div><\/div>\n\n<div class=\"wp-block-buttons is-layout-flex wp-block-buttons-is-layout-flex\"><div class=\"wp-block-button\"><a class=\"wp-block-button__link\">Schedule Now<\/a><\/div><\/div>\n\nAko ima\u0161 nekretninu za prodaju ili izdavanje, mo\u017ee\u0161 proces voditi kod nas &#8211;\nuz isti princip koji koristimo i u dizajnu: jasno\u0107a, struktura i ose\u0107aj da neko dr\u017ei proces pod kontrolom.\n\n<!-- wp:Array \/-->\n\n<figure class=\"wp-block-image size-full\"><a target=\"_blank\"><img loading=\"lazy\" decoding=\"async\" width=\"1080\" height=\"1920\" src=\"https:\/\/architaur.com\/wp-content\/uploads\/2026\/02\/treba-nam-samo-render.webp\" alt class=\"wp-image-3265\" srcset=\"https:\/\/architaur.com\/wp-content\/uploads\/2026\/02\/treba-nam-samo-render.webp 1080w, https:\/\/architaur.com\/wp-content\/uploads\/2026\/02\/treba-nam-samo-render-169x300.webp 169w, https:\/\/architaur.com\/wp-content\/uploads\/2026\/02\/treba-nam-samo-render-576x1024.webp 576w, https:\/\/architaur.com\/wp-content\/uploads\/2026\/02\/treba-nam-samo-render-768x1365.webp 768w, https:\/\/architaur.com\/wp-content\/uploads\/2026\/02\/treba-nam-samo-render-864x1536.webp 864w, https:\/\/architaur.com\/wp-content\/uploads\/2026\/02\/treba-nam-samo-render-7x12.webp 7w\" sizes=\"auto, (max-width: 1080px) 100vw, 1080px\" \/><\/a><\/figure>\n\n<figure class=\"wp-block-image size-full\"><a target=\"_blank\"><img loading=\"lazy\" decoding=\"async\" width=\"1080\" height=\"1920\" src=\"https:\/\/architaur.com\/wp-content\/uploads\/2026\/02\/da-li-moze-dizajn-enterijera-za-dve-nedelje.webp\" alt class=\"wp-image-3262\" srcset=\"https:\/\/architaur.com\/wp-content\/uploads\/2026\/02\/da-li-moze-dizajn-enterijera-za-dve-nedelje.webp 1080w, https:\/\/architaur.com\/wp-content\/uploads\/2026\/02\/da-li-moze-dizajn-enterijera-za-dve-nedelje-169x300.webp 169w, https:\/\/architaur.com\/wp-content\/uploads\/2026\/02\/da-li-moze-dizajn-enterijera-za-dve-nedelje-576x1024.webp 576w, https:\/\/architaur.com\/wp-content\/uploads\/2026\/02\/da-li-moze-dizajn-enterijera-za-dve-nedelje-768x1365.webp 768w, https:\/\/architaur.com\/wp-content\/uploads\/2026\/02\/da-li-moze-dizajn-enterijera-za-dve-nedelje-864x1536.webp 864w, https:\/\/architaur.com\/wp-content\/uploads\/2026\/02\/da-li-moze-dizajn-enterijera-za-dve-nedelje-7x12.webp 7w\" sizes=\"auto, (max-width: 1080px) 100vw, 1080px\" \/><\/a><\/figure>\n\n<figure class=\"wp-block-image size-full\"><a target=\"_blank\"><img loading=\"lazy\" decoding=\"async\" width=\"1080\" height=\"1920\" src=\"https:\/\/architaur.com\/wp-content\/uploads\/2026\/02\/koliko-kosta-dizajn-enterijera.webp\" alt class=\"wp-image-3263\" srcset=\"https:\/\/architaur.com\/wp-content\/uploads\/2026\/02\/koliko-kosta-dizajn-enterijera.webp 1080w, https:\/\/architaur.com\/wp-content\/uploads\/2026\/02\/koliko-kosta-dizajn-enterijera-169x300.webp 169w, https:\/\/architaur.com\/wp-content\/uploads\/2026\/02\/koliko-kosta-dizajn-enterijera-576x1024.webp 576w, https:\/\/architaur.com\/wp-content\/uploads\/2026\/02\/koliko-kosta-dizajn-enterijera-768x1365.webp 768w, https:\/\/architaur.com\/wp-content\/uploads\/2026\/02\/koliko-kosta-dizajn-enterijera-864x1536.webp 864w, https:\/\/architaur.com\/wp-content\/uploads\/2026\/02\/koliko-kosta-dizajn-enterijera-7x12.webp 7w\" sizes=\"auto, (max-width: 1080px) 100vw, 1080px\" \/><\/a><\/figure>\n\n<figure class=\"wp-block-image size-full\"><a ><img loading=\"lazy\" decoding=\"async\" width=\"1080\" height=\"1920\" src=\"https:\/\/architaur.com\/wp-content\/uploads\/2026\/02\/ne-treba-nam-nista-komplikovano.webp\" alt class=\"wp-image-3264\" srcset=\"https:\/\/architaur.com\/wp-content\/uploads\/2026\/02\/ne-treba-nam-nista-komplikovano.webp 1080w, https:\/\/architaur.com\/wp-content\/uploads\/2026\/02\/ne-treba-nam-nista-komplikovano-169x300.webp 169w, https:\/\/architaur.com\/wp-content\/uploads\/2026\/02\/ne-treba-nam-nista-komplikovano-576x1024.webp 576w, https:\/\/architaur.com\/wp-content\/uploads\/2026\/02\/ne-treba-nam-nista-komplikovano-768x1365.webp 768w, https:\/\/architaur.com\/wp-content\/uploads\/2026\/02\/ne-treba-nam-nista-komplikovano-864x1536.webp 864w, https:\/\/architaur.com\/wp-content\/uploads\/2026\/02\/ne-treba-nam-nista-komplikovano-7x12.webp 7w\" sizes=\"auto, (max-width: 1080px) 100vw, 1080px\" \/><\/a><\/figure>\n\n<p>Na\u0161 blog je mesto gde delimo znanje, iskustvo i ideje. Svaka tema je proistekla iz realnih projekata i situacija kroz koje prolaze na\u0161i klijenti \u2013 od planiranja do finalnog opremanja prostora.<\/p>\n\n<p>\u2022projekti za ceo svet<\/p>\n\n<p>\u2022izvo\u0111enje &#8211; Beograd<\/p>\n\n<p><strong>5.0 ocena na Google-u<\/strong><\/p>\n\n<p>(<a href=\"https:\/\/www.google.com\/search?q=architaur&amp;sca_esv=4e1199e6e2dd9208&amp;sxsrf=AE3TifNa5fwf_9bTMVlx0t5RJTZPf_E6vQ%3A1761569784540&amp;ei=-Gv_aO3cIM2K9u8Po57S-A8&amp;ved=0ahUKEwjtuITqtsSQAxVNhf0HHSOPFP8Q4dUDCBA&amp;uact=5&amp;oq=architaur&amp;gs_lp=Egxnd3Mtd2l6LXNlcnAiCWFyY2hpdGF1cjIEECMYJzIQEC4YgAQYxwEYJxiKBRivATIGEAAYBxgeMgoQABiABBgKGMsBMgQQABgeMgQQABgeMgQQABgeMgQQABgeMgIQJjIFEAAY7wVI0wFQAFgAcAB4AZABAJgBggGgAYIBqgEDMC4xuAEDyAEA-AEBmAIBoAKMAZgDAJIHAzAuMaAHxguyBwMwLjG4B4wBwgcDMi0xyAcH&amp;sclient=gws-wiz-serp#lrd=0x475a715ac4ad4b57:0xffed8c15ae1760c6,1,,,,\" target=\"_blank\" rel=\"noopener\">na osnovu 24 recenzije<\/a>)<\/p>","protected":false},"excerpt":{"rendered":"<p>Vizuelizacija pre realizacije Enterijer koji odra\u017eava va\u0161u li\u010dnost i va\u0161 senzibilitet Nijedan gost ne\u0107e oti\u0107i bez &#8222;WOW&#8220; efekta Jednostavan proces u par koraka. Sa\u010duvajte vreme i strpljenje za va\u017ene stvari Od papira do tr\u017ei\u0161ta &#8211; jedan tim Nudimo usluge koje prate ceo \u201c\u017eivotni put\u201d jedne nekretnine. Izrada geodetskog elaborata, eta\u017eiranje i upis u katastar Ure\u0111enje [&hellip;]<\/p>","protected":false},"author":3,"featured_media":0,"parent":0,"menu_order":0,"comment_status":"closed","ping_status":"closed","template":"","meta":{"footnotes":""},"class_list":["post-163","page","type-page","status-publish","hentry"],"aioseo_notices":[],"_links":{"self":[{"href":"https:\/\/architaur.com\/en\/wp-json\/wp\/v2\/pages\/163","targetHints":{"allow":["GET"]}}],"collection":[{"href":"https:\/\/architaur.com\/en\/wp-json\/wp\/v2\/pages"}],"about":[{"href":"https:\/\/architaur.com\/en\/wp-json\/wp\/v2\/types\/page"}],"author":[{"embeddable":true,"href":"https:\/\/architaur.com\/en\/wp-json\/wp\/v2\/users\/3"}],"replies":[{"embeddable":true,"href":"https:\/\/architaur.com\/en\/wp-json\/wp\/v2\/comments?post=163"}],"version-history":[{"count":100,"href":"https:\/\/architaur.com\/en\/wp-json\/wp\/v2\/pages\/163\/revisions"}],"predecessor-version":[{"id":3399,"href":"https:\/\/architaur.com\/en\/wp-json\/wp\/v2\/pages\/163\/revisions\/3399"}],"wp:attachment":[{"href":"https:\/\/architaur.com\/en\/wp-json\/wp\/v2\/media?parent=163"}],"curies":[{"name":"wp","href":"https:\/\/api.w.org\/{rel}","templated":true}]}}