{"id":128,"date":"2024-08-30T16:36:17","date_gmt":"2024-08-30T16:36:17","guid":{"rendered":"https:\/\/architaur.com\/?page_id=128"},"modified":"2026-03-31T14:48:53","modified_gmt":"2026-03-31T12:48:53","slug":"kontakt","status":"publish","type":"page","link":"https:\/\/architaur.com\/en\/kontakt\/","title":{"rendered":"Contact"},"content":{"rendered":"<h1 class=\"has-text-align-center wp-block-heading\">INTERIOR DESIGN COST<\/h1>\n\n\n\n                <div class=\"ml-embedded\" data-form=\"6rMSRK\"><\/div>\n            \n\n\n<h3 class=\"wp-block-heading\">Na\u0161e radno vreme:<\/h3>\n\n<!-- wp:Array \/-->\n\n<p><a href=\"tel:+381605035425\">+381 60 5035425<\/a><\/p><p><a href=\"tel:+381114013924\">+381 11 4013924<\/a><\/p>\n\n<h3 class=\"wp-block-heading\">Call us:<\/h3>\n\n<h3 class=\"wp-block-heading\">Email us:<\/h3>\n\n<h2 class=\"wp-block-heading\">Contact<\/h2>\n\n<p><a href=\"mailto:office@architaur.com\">office@architaur.com<\/a><\/p>\n\n<h3 class=\"wp-block-heading\">Tell us about your plans<\/h3>\n\n<h3 class=\"wp-block-heading\">Leave a Review:<\/h3>\n\n<figure class=\"wp-block-image size-thumbnail\"><img loading=\"lazy\" decoding=\"async\" src=\"https:\/\/architaur.com\/wp-content\/uploads\/2025\/04\/google-150x150.png\" alt class=\"wp-image-1219\" width=\"40\" height=\"40\" srcset=\"https:\/\/architaur.com\/wp-content\/uploads\/2025\/04\/google-150x150.png 150w, https:\/\/architaur.com\/wp-content\/uploads\/2025\/04\/google-300x300.png 300w, https:\/\/architaur.com\/wp-content\/uploads\/2025\/04\/google.png 512w\" sizes=\"auto, (max-width: 40px) 100vw, 40px\" \/><\/figure>\n\n<h3 class=\"wp-block-heading\">Visit us:<\/h3>\n\n<p><a href=\"https:\/\/maps.app.goo.gl\/WiE5FQoBdmBUqUan7\" target=\"_blank\" rel=\"noopener\">Vojvode Stepe 74, 11000 Belgrade, Srbia<\/a><\/p>\n<p><a href=\"https:\/\/maps.app.goo.gl\/ULryQZkrVjyeFBWG8\">Rajka Miti\u0107a 22\/2, 11000 Belgrade, Srbia<\/a><\/p>\n\n<h6 class=\"wp-block-heading\">(request for a personalized offer)<\/h6>\n\n<h2 class=\"wp-block-heading\">How much does interior design cost?&nbsp;<\/h2>\n\n<p class=\"cvGsUA direction-ltr align-justify para-style-body\"><span class=\"a_GcMg font-feature-liga-off font-feature-clig-off font-feature-calt-off text-decoration-none text-strikethrough-none\">The cost of interior design depends on several factors:<\/span><\/p>\n<ul class=\"wp-block-list\">\n<li><span class=\"a_GcMg font-feature-liga-off font-feature-clig-off font-feature-calt-off text-decoration-none text-strikethrough-none\">the size (square footage) of the space,<\/span><\/li>\n<li>the type of property (residential, office, showroom, etc.),<\/li>\n<li>the current condition of the space (furnishing or renovation),<\/li>\n<li><span class=\"a_GcMg font-feature-liga-off font-feature-clig-off font-feature-calt-off text-decoration-none text-strikethrough-none\">the type of service you choose (functional layout, concept design, full interior project, visualizations, execution, and supervision).<\/span><\/li>\n<\/ul>\n<p class=\"cvGsUA direction-ltr align-justify para-style-body\"><span class=\"a_GcMg font-feature-liga-off font-feature-clig-off font-feature-calt-off text-decoration-none text-strikethrough-none\">Because of this, there is no universal answer to the question <\/span><span class=\"a_GcMg font-feature-liga-off font-feature-clig-off font-feature-calt-off text-decoration-none text-strikethrough-none\"><strong>\u201cWhat is the price of interior design per square meter?\u201d<\/strong>\u201d <\/span><span class=\"a_GcMg font-feature-liga-off font-feature-clig-off font-feature-calt-off text-decoration-none text-strikethrough-none\">&#8211;<\/span> <span class=\"a_GcMg font-feature-liga-off font-feature-clig-off font-feature-calt-off text-decoration-none text-strikethrough-none\">every home requires an individual approach.<\/span><\/p>\n<p class=\"cvGsUA direction-ltr align-justify para-style-body\"><span class=\"a_GcMg font-feature-liga-off font-feature-clig-off font-feature-calt-off text-decoration-none text-strikethrough-none\">Instead of guessing the cost or searching for approximate prices online, the best option is to send us a short description of the space you\u2019re planning to design. Based on that, we prepare a personalized offer and an accurate estimate <\/span><strong><span class=\"a_GcMg font-feature-liga-off font-feature-clig-off font-feature-calt-off text-decoration-none text-strikethrough-none\">with no surprises along the way.<\/span><\/strong><\/p>\n<p class=\"cvGsUA direction-ltr align-center para-style-body\"><span class=\"a_GcMg font-feature-liga-off font-feature-clig-off font-feature-calt-off text-decoration-none text-strikethrough-none\">f you want a project that is functional, aesthetically refined, and realistically achievable, our team of designers and architects will guide you through the entire process in detail.<\/span><\/p>\n<p class=\"cvGsUA direction-ltr align-center para-style-body\"><span class=\"a_GcMg font-feature-liga-off font-feature-clig-off font-feature-calt-off text-decoration-none text-strikethrough-none\">Send us an inquiry and receive a clear quote and timeline for your <\/span><strong><span class=\"a_GcMg font-feature-liga-off font-feature-clig-off font-feature-calt-off text-decoration-none text-strikethrough-none\">apartment, house, or commercial space <\/span><\/strong><span class=\"a_GcMg font-feature-liga-off font-feature-clig-off font-feature-calt-off text-decoration-none text-strikethrough-none\">with no obligation.<\/span><\/p>\n\n<h3 class=\"has-text-align-center wp-block-heading\">FAQ<\/h3>\n\n<h4 class=\"wp-block-heading\">Can I get an interior design price without a meeting?<\/h4>\n\n<p>Da, ali preliminarnu. Na osnovu osnovnih informacija o prostoru pripremamo neobavezuju\u0107u ponudu, definitivnu ponudu \u0107ete dobiti nakon obilaska lokacije i uvodnog razgovora\u00a0 radi preciznijeg definisanja obima posla.<\/p>\n\n<h4 class=\"wp-block-heading\">How long does it take to complete an interior design project?<\/h4>\n\n<p>Rok izrade zavisi od veli\u010dine prostora, broja prostorija i kompleksnosti zahteva. Projekti traju u proseku od 3 do 10 nedelja. Pre po\u010detka saradnje uvek defini\u0161emo okvirnu dinamiku rada, faze projekta i o\u010dekivane rokove.<\/p>\n\n<h4 class=\"wp-block-heading\">Do you work on projects outside Belgrade?<\/h4>\n\n<p>Da. Radimo projekte enterijera za klijente \u0161irom sveta, a izvo\u0111enje radova organizujemo na teritoriji Beograda i Novog Sada. Za klijente iz inostranstva omogu\u0107avamo online proces saradnje.<\/p>\n\n<h4 class=\"wp-block-heading\">Da li mogu da po\u0161aljem slike prostora umesto obilaska?<\/h4>\n\n<p>Za konsultacije su fotografije sasvim dovoljne, za izradu projekta enterijera je ipak neophodno merenje na terenu i skica zate\u010denog stanja.<\/p>\n\n<h4 class=\"wp-block-heading\">Da li radite samo dizajn ili i izvo\u0111enje radova?<\/h4>\n\n<p>Mogu\u0107e je dobiti kompletnu uslugu po principu \u201cklju\u010d u ruke\u201d &#8211; od idejnog re\u0161enja, preko odabira materijala i name\u0161taja, do izvo\u0111enja i nadzora. Tako\u0111e, mo\u017eemo raditi i samo projektovanje, ukoliko ve\u0107 imate svoj izvo\u0111a\u010dki tim.<\/p>\n\n<h4 class=\"wp-block-heading\">Da li radite dizajn pojedina\u010dnih prostorija (npr. samo kuhinja ili mali stan)?<\/h4>\n\n<p>Da. Kreiramo projekte enterijera za pojedina\u010dne prostorije (kuhinje, kupatila, dnevne sobe, de\u010dije sobe, hodnike\u2026), kao i za garsonjere i poslovne prostore manje kvadrature. Svakom projektu pristupamo podjednako detaljno, bez obzira na njegovu\u00a0veli\u010dinu.<\/p>\n\n<h3 class=\"has-text-align-center wp-block-heading\">110+<\/h3>\n\n<h5 class=\"wp-block-heading\">interior design projects<\/h5>\n\n<h3 class=\"has-text-align-center wp-block-heading\">15+<\/h3>\n\n<h5 class=\"has-text-align-center wp-block-heading\">years of experience in architecture<\/h5>\n\n<h3 class=\"has-text-align-center wp-block-heading\">&gt;7000m\u00b2<\/h3>\n\n<h5 class=\"wp-block-heading\">of designed space<\/h5>\n\n<h3 class=\"has-text-align-center wp-block-heading\">100%<\/h3>\n\n<h5 class=\"has-text-align-center wp-block-heading\">personalized design<\/h5>","protected":false},"excerpt":{"rendered":"<p>CENA DIZAJNA ENTERIJERA Na\u0161e radno vreme: +381 60 5035425 +381 11 4013924 Na\u0161 telefon: Na\u0161 email: Kontakt podaci office@architaur.com Ka\u017eite nam o svojim planovima Ostavi recenziju: Na\u0161a adresa: Vojvode Stepe 74, 11000 Beograd, Srbija Rajka Miti\u0107a 22\/2, 11000 Beograd, Srbija (upit za personalizovanu ponudu) Koliko ko\u0161ta dizajn enterijera?&nbsp; Cena dizajna enterijera zavisi od vi\u0161e faktora: [&hellip;]<\/p>","protected":false},"author":3,"featured_media":0,"parent":0,"menu_order":0,"comment_status":"closed","ping_status":"closed","template":"","meta":{"footnotes":""},"class_list":["post-128","page","type-page","status-publish","hentry"],"aioseo_notices":[],"_links":{"self":[{"href":"https:\/\/architaur.com\/en\/wp-json\/wp\/v2\/pages\/128","targetHints":{"allow":["GET"]}}],"collection":[{"href":"https:\/\/architaur.com\/en\/wp-json\/wp\/v2\/pages"}],"about":[{"href":"https:\/\/architaur.com\/en\/wp-json\/wp\/v2\/types\/page"}],"author":[{"embeddable":true,"href":"https:\/\/architaur.com\/en\/wp-json\/wp\/v2\/users\/3"}],"replies":[{"embeddable":true,"href":"https:\/\/architaur.com\/en\/wp-json\/wp\/v2\/comments?post=128"}],"version-history":[{"count":100,"href":"https:\/\/architaur.com\/en\/wp-json\/wp\/v2\/pages\/128\/revisions"}],"predecessor-version":[{"id":3420,"href":"https:\/\/architaur.com\/en\/wp-json\/wp\/v2\/pages\/128\/revisions\/3420"}],"wp:attachment":[{"href":"https:\/\/architaur.com\/en\/wp-json\/wp\/v2\/media?parent=128"}],"curies":[{"name":"wp","href":"https:\/\/api.w.org\/{rel}","templated":true}]}}