{"id":119,"date":"2024-08-30T16:33:49","date_gmt":"2024-08-30T16:33:49","guid":{"rendered":"https:\/\/architaur.com\/?page_id=119"},"modified":"2026-03-31T14:48:32","modified_gmt":"2026-03-31T12:48:32","slug":"usluge-izvodjenje","status":"publish","type":"page","link":"https:\/\/architaur.com\/en\/usluge-izvodjenje\/","title":{"rendered":"Usluge-izvodjenje"},"content":{"rendered":"<div class=\"wp-block-buttons is-layout-flex wp-block-buttons-is-layout-flex\"><div class=\"wp-block-button\"><a class=\"wp-block-button__link\">BOOK<\/a><\/div><\/div>\n\n<h1 class=\"has-text-align-center wp-block-heading\">KOMPLETNO IZVO\u0110ENJE RADOVA \u2013 KLJU\u010c U RUKE<\/h1>\n\n<h3 class=\"wp-block-heading\">Tell us about your plans<\/h3>\n\n\n\n<div class=\"wp-block-buttons is-layout-flex wp-block-buttons-is-layout-flex\"><div class=\"wp-block-button\"><a class=\"wp-block-button__link\">GO BACK TO SERVICES<\/a><\/div><\/div>\n\n<h3 class=\"has-text-align-center wp-block-heading\">PACKAGES<\/h3>\n\n<p>To eliminate any possibility of miscommunication or mistakes in executing every planned detail, it is recommended to organize supervision of the construction project in coordination with contractors (painters, carpenters, tilers, electricians, and others).\nWe are pleased to offer this service to ensure that both your and our expectations are fully met throughout the process.<\/p>\n\n<ul class=\"wp-block-list\"><li data-w-id=\"7840582e-b9fe-4c01-609f-61e57a5a9ee4\" data-wf-id=\"[&quot;7840582e-b9fe-4c01-609f-61e57a5a9ee4&quot;]\">Lack of time to organize and communicate with contractors<\/li><li data-w-id=\"7840582e-b9fe-4c01-609f-61e57a5a9ee6\" data-wf-id=\"[&quot;7840582e-b9fe-4c01-609f-61e57a5a9ee6&quot;]\">obezbe\u0111uje stru\u010dno lice za sve neo\u010dekivane probleme tokom izvo\u0111enja radova<\/li><li data-w-id=\"7840582e-b9fe-4c01-609f-61e57a5a9ee8\" data-wf-id=\"[&quot;7840582e-b9fe-4c01-609f-61e57a5a9ee8&quot;]\">\u0161tedi vreme i \u017eivce<\/li><li data-w-id=\"7840582e-b9fe-4c01-609f-61e57a5a9eea\" data-wf-id=\"[&quot;7840582e-b9fe-4c01-609f-61e57a5a9eea&quot;]\">obezbe\u0111uje da dobijete enterijer kao iz projekta<\/li><li data-w-id=\"7840582e-b9fe-4c01-609f-61e57a5a9eec\" data-wf-id=\"[&quot;7840582e-b9fe-4c01-609f-61e57a5a9eec&quot;]\">pronalazak najadekvatnije zamene projektovanog re\u0161enja u slu\u010daju nepredvi\u0111enih okolnosti<\/li><li data-w-id=\"f9e313ee-ae26-f961-1763-2723bc44f189\" data-wf-id=\"[&quot;f9e313ee-ae26-f961-1763-2723bc44f189&quot;]\">dobijate uvid u raspodelu bud\u017eeta celog procesa opremanja ili renoviranja<\/li><\/ul>\n\n<ul class=\"wp-block-list\"><li data-w-id=\"7840582e-b9fe-4c01-609f-61e57a5a9f12\" data-wf-id=\"[&quot;7840582e-b9fe-4c01-609f-61e57a5a9f12&quot;]\">ko \u017eeli sam da sprovede dizajn u realnost<\/li><li data-w-id=\"7840582e-b9fe-4c01-609f-61e57a5a9f14\" data-wf-id=\"[&quot;7840582e-b9fe-4c01-609f-61e57a5a9f14&quot;]\">ko \u017eeli sam da bira majstore, kupuje name\u0161taj, plo\u010dice, rasvetu&#8230;<\/li><li data-w-id=\"7840582e-b9fe-4c01-609f-61e57a5a9f16\" data-wf-id=\"[&quot;7840582e-b9fe-4c01-609f-61e57a5a9f16&quot;]\">ko ima dovoljno tehni\u010dkog znanja da sam vr\u0161i kontrolu kvaliteta radova<\/li><\/ul>\n\n<ul class=\"wp-block-list\"><li data-w-id=\"7840582e-b9fe-4c01-609f-61e57a5a9efa\" data-wf-id=\"[&quot;7840582e-b9fe-4c01-609f-61e57a5a9efa&quot;]\">ko nema vremena da se upu\u0161ta u organizaciju renoviranja<\/li><li data-w-id=\"7840582e-b9fe-4c01-609f-61e57a5a9efc\" data-wf-id=\"[&quot;7840582e-b9fe-4c01-609f-61e57a5a9efc&quot;]\">kome treba stru\u010dno lice u vo\u0111enju i kontroli radova<\/li><li data-w-id=\"7840582e-b9fe-4c01-609f-61e57a5a9efe\" data-wf-id=\"[&quot;7840582e-b9fe-4c01-609f-61e57a5a9efe&quot;]\">For those who don\u2019t have a team of contractors to carry out the job<\/li><li data-w-id=\"7840582e-b9fe-4c01-609f-61e57a5a9f00\" data-wf-id=\"[&quot;7840582e-b9fe-4c01-609f-61e57a5a9f00&quot;]\">ko zapo\u010dinje renoviranje ali ne zna odakle da po\u010dne i koji su sve radovi potrebni<\/li><\/ul>\n\n<!-- wp:Array \/-->\n\n<h4 class=\"wp-block-heading\"><b>Interior works<\/b><\/h4>\n\n<p><strong>What is included?<\/strong><\/p>\n\n<p>Preparation of work measurements<\/p>\n\n<p>Requesting and approving the most favorable offers based on the measurements<\/p>\n\n<p>Coordination of contractors and work<\/p>\n\n<p>On-site project supervision<\/p>\n\n<p>Handling unforeseen situations<\/p>\n\n<p>Types of work \u2013 <span style=\"background-color: var(--bricks-color-agcujh);\">dismantling, demolition, masonry, tiling, window and door replacement, flooring, plumbing, custom-made furniture, wallpapering, painting, partitions, green walls, locksmith work, electrical work, installation of sanitary fixtures\u2026<\/span><\/p>\n\n<p>Support<\/p>\n\n<h4 class=\"wp-block-heading\"><b>Furnishing<\/b><\/h4>\n\n<p><strong>What is included?<\/strong><\/p>\n\n<p>Creating a shopping list for furniture, lighting, appliances, curtains, rugs, mirrors...<\/p>\n\n<p>Ordering, receiving deliveries at your address, and organizing installation<\/p>\n\n<p>Verifying the condition of delivered items and arranging replacements for damaged pieces<\/p>\n\n<p>On-site project supervision<\/p>\n\n<p>Handling unexpected situations and finding suitable replacements for unavailable models<\/p>\n\n<p>Support<\/p>\n\n<p><b>Required information<\/b><\/p>\n\n<p><b>Koji problem re\u0161ava<\/b><\/p>\n\n<p><b>Who is it not intended for?<\/b><\/p>\n\n<p><b>Da li je ovo re\u0161enje za vas?<\/b><\/p>\n\n<!-- wp:Array \/-->","protected":false},"excerpt":{"rendered":"<p>KOMPLETNO IZVO\u0110ENJE RADOVA \u2013 KLJU\u010c U RUKE Ka\u017eite nam o svojim planovima PAKETI Kako bi eleminisali svaku mogu\u0107nost da do\u0111e do propusta u komunikaciji ili izradi svakog predvi\u0111enog detalja, savetuje se da se u dogovoru sa izvo\u0111a\u010dima (molerima, stolarima, kerami\u010darima, elektri\u010darima i drugim) organizuje nadzor pri realizaciji izvo\u0111a\u010dkog projekta.Sa zadovoljstvom vam nudimo i ovu uslugu [&hellip;]<\/p>","protected":false},"author":3,"featured_media":0,"parent":0,"menu_order":0,"comment_status":"closed","ping_status":"closed","template":"","meta":{"footnotes":""},"class_list":["post-119","page","type-page","status-publish","hentry"],"aioseo_notices":[],"_links":{"self":[{"href":"https:\/\/architaur.com\/en\/wp-json\/wp\/v2\/pages\/119","targetHints":{"allow":["GET"]}}],"collection":[{"href":"https:\/\/architaur.com\/en\/wp-json\/wp\/v2\/pages"}],"about":[{"href":"https:\/\/architaur.com\/en\/wp-json\/wp\/v2\/types\/page"}],"author":[{"embeddable":true,"href":"https:\/\/architaur.com\/en\/wp-json\/wp\/v2\/users\/3"}],"replies":[{"embeddable":true,"href":"https:\/\/architaur.com\/en\/wp-json\/wp\/v2\/comments?post=119"}],"version-history":[{"count":56,"href":"https:\/\/architaur.com\/en\/wp-json\/wp\/v2\/pages\/119\/revisions"}],"predecessor-version":[{"id":3419,"href":"https:\/\/architaur.com\/en\/wp-json\/wp\/v2\/pages\/119\/revisions\/3419"}],"wp:attachment":[{"href":"https:\/\/architaur.com\/en\/wp-json\/wp\/v2\/media?parent=119"}],"curies":[{"name":"wp","href":"https:\/\/api.w.org\/{rel}","templated":true}]}}