{"id":117,"date":"2024-08-30T16:33:34","date_gmt":"2024-08-30T16:33:34","guid":{"rendered":"https:\/\/architaur.com\/?page_id=117"},"modified":"2026-03-31T14:48:17","modified_gmt":"2026-03-31T12:48:17","slug":"usluge-projekat","status":"publish","type":"page","link":"https:\/\/architaur.com\/en\/usluge-projekat\/","title":{"rendered":"Usluge-projekat enterijera"},"content":{"rendered":"<div class=\"wp-block-buttons is-layout-flex wp-block-buttons-is-layout-flex\"><div class=\"wp-block-button\"><a class=\"wp-block-button__link\">PO\u0160ALJITE UPIT<\/a><\/div><\/div>\n\n<h1 class=\"has-text-align-center wp-block-heading\">PROJEKTOVANJE ENTERIJERA &#8211; OD IDEJE DO REALIZACIJE<\/h1>\n\n<div class=\"wp-block-buttons is-layout-flex wp-block-buttons-is-layout-flex\"><div class=\"wp-block-button\"><a class=\"wp-block-button__link\">PO\u0160ALJITE UPIT<\/a><\/div><\/div>\n\n<div class=\"wp-block-buttons is-layout-flex wp-block-buttons-is-layout-flex\"><div class=\"wp-block-button\"><a class=\"wp-block-button__link\">GO BACK TO SERVICES<\/a><\/div><\/div>\n\n<h3 class=\"has-text-align-center wp-block-heading\">PACKAGES<\/h3>\n\n<h4 class=\"wp-block-heading\"><b>Concept Design<\/b><br><\/h4>\n\n<div class=\"wp-block-buttons is-layout-flex wp-block-buttons-is-layout-flex\"><div class=\"wp-block-button\"><a class=\"wp-block-button__link\">BOOK<\/a><\/div><\/div>\n\n<p><strong>What is included?<\/strong><\/p>\n\n<p>Initial consultation<\/p>\n\n<p>izlazak na teren radi uzimanja mera &#8211; Beograd<\/p>\n\n<p>2D plan with professionally designed layout and furniture dimensions<\/p>\n\n<p>3D model visualization of the conceptual design with furniture and decor<\/p>\n\n<p>Selection of materials, patterns, and colors<\/p>\n\n<p>Photorealistic renders<\/p>\n\n<p>Virtual tour<\/p>\n\n<p>U\u0161li ste u tek kupljen stan ili posedujete prostor koji \u017eelite da renovirate. Uvi\u0111ate da imate <strong>ograni\u010deno par\u010de prostora<\/strong><strong> i skoro neograni\u010den spisak mogu\u0107nosti<\/strong> kako da ga uredite.<\/p>\n<p> <\/p>\n<p>\u017delite najbolje za sebe ali <strong>odakle po\u010deti?<\/strong> Niste sigurni da li \u017eelite da imate tapete u spava\u0107oj sobi, da li vam je neophodan name\u0161taj po meri ili kako da obezbedite udobnost u &#8222;open space&#8220; kancelariji?<\/p>\n<p> <\/p>\n<p>Ali zato je tim arhitekata i dizajnera tu da vam pomogne da proces odlu\u010divanja u\u010dini jednim<strong> prijatnim iskustvom.<\/strong><\/p>\n<p> <\/p>\n<p> <\/p>\n\n<ul class=\"wp-block-list\"><li data-w-id=\"c7c7f759-7a46-f82b-c909-cdb3ad83ac69\" data-wf-id=\"[&quot;c7c7f759-7a46-f82b-c909-cdb3ad83ac69&quot;]\">funkcionalno osmi\u0161ljen prostor<\/li><li data-w-id=\"c7c7f759-7a46-f82b-c909-cdb3ad83ac6b\" data-wf-id=\"[&quot;c7c7f759-7a46-f82b-c909-cdb3ad83ac6b&quot;]\">estetski definisan prostor do detalja sa tehni\u010dkim crte\u017eima za stolare, elektri\u010dare, kerami\u010dare i izvo\u0111a\u010de drugih profila koji \u0107e realizovati enterijer<\/li><li data-w-id=\"c7c7f759-7a46-f82b-c909-cdb3ad83ac6d\" data-wf-id=\"[&quot;c7c7f759-7a46-f82b-c909-cdb3ad83ac6d&quot;]\">potreba za spiskom komadnog name\u0161taja i rasvete koje treba kupiti<\/li><li data-w-id=\"c7c7f759-7a46-f82b-c909-cdb3ad83ac6f\" data-wf-id=\"[&quot;c7c7f759-7a46-f82b-c909-cdb3ad83ac6f&quot;]\">The need for an overview of the required works<\/li><\/ul>\n\n<div class=\"wp-block-buttons is-layout-flex wp-block-buttons-is-layout-flex\"><div class=\"wp-block-button\"><a class=\"wp-block-button__link\">SEE CONSULTATIONS<\/a><\/div><\/div>\n\n<ul class=\"wp-block-list\">\n<li data-w-id=\"c7c7f759-7a46-f82b-c909-cdb3ad83ac97\" data-wf-id=\"[\">ko \u017eeli da dobije savet o bojama, materijalim, dezenima<\/li>\n<li data-w-id=\"c7c7f759-7a46-f82b-c909-cdb3ad83ac99\" data-wf-id=\"[\">ko \u017eeli predlog kako detaljima da osve\u017ei postoje\u0107i prostor<\/li>\n<li data-w-id=\"c7c7f759-7a46-f82b-c909-cdb3ad83ac9b\" data-wf-id=\"[\">ko \u017eeli dizajn jednog komada name\u0161taja<\/li>\n<li data-w-id=\"c7c7f759-7a46-f82b-c909-cdb3ad83ac9d\" data-wf-id=\"[\">ko \u017eeli predlog dekoracije<\/li>\n<\/ul>\n\n<ul class=\"wp-block-list\"><li data-w-id=\"c7c7f759-7a46-f82b-c909-cdb3ad83ac7f\" data-wf-id=\"[&quot;c7c7f759-7a46-f82b-c909-cdb3ad83ac7f&quot;]\">ko \u017eeli da kompletnu organizaciju renoviranja ili useljenja i opremanja prepusti iskusnom timu<\/li><li data-w-id=\"fe2b8e25-4435-6024-c4d4-11fafb23bdab\" data-wf-id=\"[&quot;fe2b8e25-4435-6024-c4d4-11fafb23bdab&quot;]\">ko \u017eeli da vidi novoprojektovano stanje u virtuelnom okru\u017eenju (render, VR)<\/li><li data-w-id=\"c7c7f759-7a46-f82b-c909-cdb3ad83ac81\" data-wf-id=\"[&quot;c7c7f759-7a46-f82b-c909-cdb3ad83ac81&quot;]\">Those who have no idea how to organize the space<\/li><li data-w-id=\"c7c7f759-7a46-f82b-c909-cdb3ad83ac83\" data-wf-id=\"[&quot;c7c7f759-7a46-f82b-c909-cdb3ad83ac83&quot;]\">ko ima ograni\u010den prostor i ne zna kako smestiti sve u njega<\/li><li data-w-id=\"c7c7f759-7a46-f82b-c909-cdb3ad83ac85\" data-wf-id=\"[&quot;c7c7f759-7a46-f82b-c909-cdb3ad83ac85&quot;]\">Those who are not familiar with the available materials and industry trends<\/li><li data-w-id=\"c7c7f759-7a46-f82b-c909-cdb3ad83ac87\" data-wf-id=\"[&quot;c7c7f759-7a46-f82b-c909-cdb3ad83ac87&quot;]\">ko \u017eeli funkcionalan i maksimalno iskori\u0161\u0107en prostor<\/li><li data-w-id=\"c7c7f759-7a46-f82b-c909-cdb3ad83ac89\" data-wf-id=\"[&quot;c7c7f759-7a46-f82b-c909-cdb3ad83ac89&quot;]\">ko ima \u017eelju da prostor u kome boravi bude dizajniran od strane stru\u010dnjka<\/li><\/ul>\n\n<!-- wp:Array \/-->\n\n<p>Technical drawings for contractors<\/p>\n\n<h4 class=\"wp-block-heading\"><b>Interior Design Project<\/b><br><\/h4>\n\n<div class=\"wp-block-buttons is-layout-flex wp-block-buttons-is-layout-flex\"><div class=\"wp-block-button\"><a class=\"wp-block-button__link\">BOOK<\/a><\/div><\/div>\n\n<p><strong>What is included?<\/strong><\/p>\n\n<p>Initial consultation<\/p>\n\n<p>izlazak na teren radi uzimanja mera &#8211; Beograd<\/p>\n\n<p>2D plan with professionally designed layout and furniture dimensions<\/p>\n\n<p>3D model visualization of the conceptual design with furniture and decor<\/p>\n\n<p>Selection of materials, patterns, and colors<\/p>\n\n<p>Photorealistic renders<\/p>\n\n<p>Virtual tour<\/p>\n\n<p>One revision<\/p>\n\n<p>Technical drawings for contractors<\/p>\n\n<p>Furniture and lighting selection<\/p>\n\n<h3 class=\"wp-block-heading\">Tell us about your plans<\/h3>\n\n\n\n<h3 class=\"has-text-align-center wp-block-heading\">Our Design Process<br><\/h3>\n\n<figure class=\"wp-block-image size-thumbnail\"><img loading=\"lazy\" decoding=\"async\" width=\"150\" height=\"150\" src=\"https:\/\/architaur.com\/wp-content\/uploads\/2024\/08\/1-150x150.webp\" alt class=\"wp-image-36\" srcset=\"https:\/\/architaur.com\/wp-content\/uploads\/2024\/08\/1-150x150.webp 150w, https:\/\/architaur.com\/wp-content\/uploads\/2024\/08\/1-300x300.webp 300w, https:\/\/architaur.com\/wp-content\/uploads\/2024\/08\/1.webp 512w\" sizes=\"auto, (max-width: 150px) 100vw, 150px\" \/><\/figure>\n\n<h4 class=\"wp-block-heading\">START<\/h4>\n\n<p>Smatramo da prostor u kome boravite nije samo skup prostorija ve\u0107 odraz va\u0161e li\u010dnosti tako\u0111e. Stoga na\u0161u saradnju sa klijentima, nakon \u0161to nas kontaktiraju, zapo\u010dinjemo boljim upoznavanjem, kako njihovih stilova i ukusa tako i samih prostorija. Va\u0161e po\u010detne potrebe i \u017eelje najbolje \u0107emo razumeti kada <strong>pro\u0111emo kroz posebno osmi\u0161ljen set pitanja<\/strong> o Vama i Va\u0161em prostoru. Nakon toga sledi <strong>On-site visit<\/strong> and <strong>uzimanje ta\u010dnih mera prostora<\/strong>.<\/p>\n\n<figure class=\"wp-block-image size-thumbnail\"><img loading=\"lazy\" decoding=\"async\" width=\"150\" height=\"150\" src=\"https:\/\/architaur.com\/wp-content\/uploads\/2024\/08\/2-1-150x150.webp\" alt class=\"wp-image-38\" srcset=\"https:\/\/architaur.com\/wp-content\/uploads\/2024\/08\/2-1-150x150.webp 150w, https:\/\/architaur.com\/wp-content\/uploads\/2024\/08\/2-1-300x300.webp 300w, https:\/\/architaur.com\/wp-content\/uploads\/2024\/08\/2-1.webp 512w\" sizes=\"auto, (max-width: 150px) 100vw, 150px\" \/><\/figure>\n\n<h4 class=\"has-text-align-center wp-block-heading\">CONCEPT DESIGN<\/h4>\n\n<p>Na osnovu smernica iz upitnika i tlocrta prostorija, u roku od par nedelja nacrta\u0107emo prva re\u0161enja (idejni projekat). Ova re\u0161enja niske rezolucije imaju za <strong>cilj da se \u017eelje klijenata bolje defini\u0161u<\/strong>, predlozi revidiraju, a dizajneri ustanove pravac koji vodi ka kona\u010dnom izgledu enterijera.<\/p>\n\n<figure class=\"wp-block-image size-thumbnail\"><img loading=\"lazy\" decoding=\"async\" width=\"150\" height=\"150\" src=\"https:\/\/architaur.com\/wp-content\/uploads\/2024\/08\/3-1-150x150.webp\" alt class=\"wp-image-42\" srcset=\"https:\/\/architaur.com\/wp-content\/uploads\/2024\/08\/3-1-150x150.webp 150w, https:\/\/architaur.com\/wp-content\/uploads\/2024\/08\/3-1-300x300.webp 300w, https:\/\/architaur.com\/wp-content\/uploads\/2024\/08\/3-1.webp 512w\" sizes=\"auto, (max-width: 150px) 100vw, 150px\" \/><\/figure>\n\n<h4 class=\"has-text-align-center wp-block-heading\">EXECUTION PROJECT<\/h4>\n\n<p>U ovom koraku, nakon konsultacije, usvojeni idejni projekat zapo\u010dinje svoj put ka izvo\u0111a\u010dkom. Tim nastavlja posve\u0107eni rad na razradi svakog kutka u skladu sa va\u0161im \u017eeljama. Izvo\u0111a\u010dki projekat sadr\u017ei sve pojedinosti detaljno razra\u0111ene i predstavljene kroz <strong>2D crta\u017ee, 3D modele, fotorealisti\u010dne slike (rendere) i spiskove predlo\u017eenih komada name\u0161taja i rasvete.<\/strong> Ukoliko ste se odlu\u010dili za name\u0161taj po meri, izvo\u0111a\u010dki projekat prate i stolarski crte\u017ei. Tako\u0111e, oti\u0161li smo korak dalje i spisak usluga obogatili jo\u0161 jednom po kojoj smo prepoznatljivi. Omogu\u0107avamo vam da budu\u0107i izgled svog prostora do\u017eivite u virtuelnoj realnosti pre nego \u0161to ga preselite u stvarnost. Kreiramo za vas virtuelnu turu novog enterijera.<\/p>\n\nTehni\u010dka dokumentacija\n\nVizuelizacija\n\n<figure class=\"wp-block-image size-large\"><img loading=\"lazy\" decoding=\"async\" width=\"1024\" height=\"718\" src=\"https:\/\/architaur.com\/wp-content\/uploads\/2024\/08\/Screenshot_8-1024x718.webp\" alt class=\"wp-image-93\" srcset=\"https:\/\/architaur.com\/wp-content\/uploads\/2024\/08\/Screenshot_8-1024x718.webp 1024w, https:\/\/architaur.com\/wp-content\/uploads\/2024\/08\/Screenshot_8-300x210.webp 300w, https:\/\/architaur.com\/wp-content\/uploads\/2024\/08\/Screenshot_8-768x539.webp 768w, https:\/\/architaur.com\/wp-content\/uploads\/2024\/08\/Screenshot_8.webp 1196w\" sizes=\"auto, (max-width: 1024px) 100vw, 1024px\" \/><\/figure>\n\n<figure class=\"wp-block-image size-full\"><img loading=\"lazy\" decoding=\"async\" width=\"770\" height=\"750\" src=\"https:\/\/architaur.com\/wp-content\/uploads\/2024\/08\/Screenshot_4.webp\" alt class=\"wp-image-91\" srcset=\"https:\/\/architaur.com\/wp-content\/uploads\/2024\/08\/Screenshot_4.webp 770w, https:\/\/architaur.com\/wp-content\/uploads\/2024\/08\/Screenshot_4-300x292.webp 300w, https:\/\/architaur.com\/wp-content\/uploads\/2024\/08\/Screenshot_4-768x748.webp 768w\" sizes=\"auto, (max-width: 770px) 100vw, 770px\" \/><\/figure>\n\n<figure class=\"wp-block-image size-full\"><img loading=\"lazy\" decoding=\"async\" width=\"995\" height=\"1060\" src=\"https:\/\/architaur.com\/wp-content\/uploads\/2024\/08\/Screenshot_5.webp\" alt class=\"wp-image-92\" srcset=\"https:\/\/architaur.com\/wp-content\/uploads\/2024\/08\/Screenshot_5.webp 995w, https:\/\/architaur.com\/wp-content\/uploads\/2024\/08\/Screenshot_5-282x300.webp 282w, https:\/\/architaur.com\/wp-content\/uploads\/2024\/08\/Screenshot_5-961x1024.webp 961w, https:\/\/architaur.com\/wp-content\/uploads\/2024\/08\/Screenshot_5-768x818.webp 768w\" sizes=\"auto, (max-width: 995px) 100vw, 995px\" \/><\/figure>\n\n<figure class=\"wp-block-image size-full\"><img loading=\"lazy\" decoding=\"async\" width=\"2560\" height=\"1801\" src=\"https:\/\/architaur.com\/wp-content\/uploads\/2024\/08\/Material-Board-scaled.webp\" alt class=\"wp-image-81\" srcset=\"https:\/\/architaur.com\/wp-content\/uploads\/2024\/08\/Material-Board-scaled.webp 2560w, https:\/\/architaur.com\/wp-content\/uploads\/2024\/08\/Material-Board-300x211.webp 300w, https:\/\/architaur.com\/wp-content\/uploads\/2024\/08\/Material-Board-1024x720.webp 1024w, https:\/\/architaur.com\/wp-content\/uploads\/2024\/08\/Material-Board-768x540.webp 768w, https:\/\/architaur.com\/wp-content\/uploads\/2024\/08\/Material-Board-1536x1081.webp 1536w, https:\/\/architaur.com\/wp-content\/uploads\/2024\/08\/Material-Board-2048x1441.webp 2048w\" sizes=\"auto, (max-width: 2560px) 100vw, 2560px\" \/><\/figure>\n\n<figure class=\"wp-block-image size-full\"><img loading=\"lazy\" decoding=\"async\" width=\"821\" height=\"615\" src=\"https:\/\/architaur.com\/wp-content\/uploads\/2024\/08\/image3.webp\" alt class=\"wp-image-78\" srcset=\"https:\/\/architaur.com\/wp-content\/uploads\/2024\/08\/image3.webp 821w, https:\/\/architaur.com\/wp-content\/uploads\/2024\/08\/image3-300x225.webp 300w, https:\/\/architaur.com\/wp-content\/uploads\/2024\/08\/image3-768x575.webp 768w\" sizes=\"auto, (max-width: 821px) 100vw, 821px\" \/><\/figure>\n\n<div class=\"wp-block-buttons is-layout-flex wp-block-buttons-is-layout-flex\"><div class=\"wp-block-button\"><a class=\"wp-block-button__link\">View the Gallery<\/a><\/div><\/div>\n\n<p>Furniture and lighting selection<\/p>\n\n<p>One revision<\/p>\n\n<p><b>Required information<\/b><\/p>\n\n<p><b>Koji problem re\u0161ava<\/b><\/p>\n\n<p><b>Who is it not intended for?<\/b><\/p>\n\n<p><strong>Da li je ovo re\u0161enje za vas?<\/strong><\/p>\n\n<p>Za dom, stan ili poslovni prostor \u2013 precizan, funkcionalan i estetski projekat, izra\u0111en po meri.<\/p>\n\n<div class=\"wp-block-buttons is-layout-flex wp-block-buttons-is-layout-flex\"><div class=\"wp-block-button\"><a class=\"wp-block-button__link\">Spremni ste za slede\u0107i korak?  Zaka\u017eite besplatnu konsultaciju.<\/a><\/div><\/div>\n\n<h6 class=\"has-text-align-center wp-block-heading\">Preko 100 realizovanih projekata \u2022 Arhitekta uz vas u svakoj fazi<\/h6>\n\n<h3 class=\"has-text-align-center wp-block-heading\">Za\u0161to klijenti biraju Architaur?<\/h3>\n\n<!-- wp:Array \/-->\n\n<!-- wp:Array \/-->\n\n<!-- wp:Array \/-->\n\n<div class=\"wp-block-buttons is-layout-flex wp-block-buttons-is-layout-flex\"><div class=\"wp-block-button\"><a class=\"wp-block-button__link\">Zapo\u010dnite svoj projekat sa na\u0161im timom ve\u0107 danas<\/a><\/div><\/div>","protected":false},"excerpt":{"rendered":"<p>PROJEKTOVANJE ENTERIJERA &#8211; OD IDEJE DO REALIZACIJE PAKETI Idejno re\u0161enje \u0160ta je uklju\u010deno inicijalni razgovor izlazak na teren radi uzimanja mera &#8211; Beograd 2D plan sa profesionalno osmi\u0161ljenim rasporedom i dimenzijama name\u0161taja prikaz 3D modela idejnog re\u0161enja sa name\u0161tajem i dekoracijom odabir materijala, dezena, boja fotorealisti\u010dni renderi virtuelna tura U\u0161li ste u tek kupljen stan [&hellip;]<\/p>","protected":false},"author":3,"featured_media":0,"parent":0,"menu_order":0,"comment_status":"closed","ping_status":"closed","template":"","meta":{"footnotes":""},"class_list":["post-117","page","type-page","status-publish","hentry"],"aioseo_notices":[],"_links":{"self":[{"href":"https:\/\/architaur.com\/en\/wp-json\/wp\/v2\/pages\/117","targetHints":{"allow":["GET"]}}],"collection":[{"href":"https:\/\/architaur.com\/en\/wp-json\/wp\/v2\/pages"}],"about":[{"href":"https:\/\/architaur.com\/en\/wp-json\/wp\/v2\/types\/page"}],"author":[{"embeddable":true,"href":"https:\/\/architaur.com\/en\/wp-json\/wp\/v2\/users\/3"}],"replies":[{"embeddable":true,"href":"https:\/\/architaur.com\/en\/wp-json\/wp\/v2\/comments?post=117"}],"version-history":[{"count":100,"href":"https:\/\/architaur.com\/en\/wp-json\/wp\/v2\/pages\/117\/revisions"}],"predecessor-version":[{"id":3418,"href":"https:\/\/architaur.com\/en\/wp-json\/wp\/v2\/pages\/117\/revisions\/3418"}],"wp:attachment":[{"href":"https:\/\/architaur.com\/en\/wp-json\/wp\/v2\/media?parent=117"}],"curies":[{"name":"wp","href":"https:\/\/api.w.org\/{rel}","templated":true}]}}