{"id":115,"date":"2024-08-30T16:33:13","date_gmt":"2024-08-30T16:33:13","guid":{"rendered":"https:\/\/architaur.com\/?page_id=115"},"modified":"2026-03-31T14:48:03","modified_gmt":"2026-03-31T12:48:03","slug":"usluge-konsultacije","status":"publish","type":"page","link":"https:\/\/architaur.com\/en\/usluge-konsultacije\/","title":{"rendered":"Usluge-konsultacije sa arhitektom"},"content":{"rendered":"<h1 class=\"wp-block-heading\">Konsultacije sa arhitektom | Ure\u0111enje enterijera<\/h1>\n\n<p>If you need expert advice on layout and decor, we also offer consulting services whether it\u2019s for a dining room or a conference hall. LED strips or floor lamps, corner sofa or couch, bookshelves or artworks, shower cabin or bathtub\u2026 these dilemmas can be entrusted to professionals to solve.<\/p>\n\n<ul class=\"wp-block-list\">\n<li>ukoliko imate nedoumice o rasporedu i ne znate da li \u0107e neki prostor biti funkcionalan<\/li>\n<li>ako vas brine uskla\u0111enost materijala, boja ili tekstura u enterijeru<\/li>\n<li>If you need advice on layout and lighting type<\/li>\n<li>ako \u017eelite konkretne savete i re\u0161enja problema<\/li>\n<li>ako \u017eelite konkretan predlog dekoracije i name\u0161taja za va\u0161 prostor<\/li>\n<\/ul>\n\n<ul class=\"wp-block-list\"><li data-w-id=\"74e0db75-e71c-1eba-54ea-bbfdf0d85e98\" data-wf-id=\"[&quot;74e0db75-e71c-1eba-54ea-bbfdf0d85e98&quot;]\">Those who don\u2019t know how to organize their space<\/li><li data-w-id=\"74e0db75-e71c-1eba-54ea-bbfdf0d85e9a\" data-wf-id=\"[&quot;74e0db75-e71c-1eba-54ea-bbfdf0d85e9a&quot;]\">kome treba stru\u010dni savet oko ure\u0111enja stana<\/li><li data-w-id=\"74e0db75-e71c-1eba-54ea-bbfdf0d85e9c\" data-wf-id=\"[&quot;74e0db75-e71c-1eba-54ea-bbfdf0d85e9c&quot;]\">ko ne zna svoj stil i \u017eeli da dobije predloge palete boja ili materijala koje treba koristiti u enterijeru<\/li><li data-w-id=\"74e0db75-e71c-1eba-54ea-bbfdf0d85e9e\" data-wf-id=\"[&quot;74e0db75-e71c-1eba-54ea-bbfdf0d85e9e&quot;]\">ko zapo\u010dinje renoviranje ali ne zna odakle da po\u010dne i koji su sve radovi potrebni<\/li><li data-w-id=\"2c90a4cc-1561-4924-9669-1edba7220bd5\" data-wf-id=\"[&quot;2c90a4cc-1561-4924-9669-1edba7220bd5&quot;]\">ko ima ideju kako \u017eeli da mu prostor izgleda ali nije siguran da \u0107e biti funkcionalno, estetski lepo ili da li je izvodljivo<\/li><li data-w-id=\"c452872f-d6ad-54ee-392f-7ca67b3cd74e\" data-wf-id=\"[&quot;c452872f-d6ad-54ee-392f-7ca67b3cd74e&quot;]\">Anyone who has doubts or questions about their interior design<\/li><\/ul>\n\n<div class=\"wp-block-buttons is-layout-flex wp-block-buttons-is-layout-flex\"><div class=\"wp-block-button\"><a class=\"wp-block-button__link\">POGLEDAJ PROJEKAT ENTERIJERA<\/a><\/div><\/div>\n\n<ul class=\"wp-block-list\">\n<li data-w-id=\"3d357b12-e733-a1c4-82a1-dfa99e13cd4c\" data-wf-id=\"[\">ko \u017eeli da dobije tehni\u010dke crte\u017ee za izvo\u0111enje radova<\/li>\n<li data-w-id=\"3d357b12-e733-a1c4-82a1-dfa99e13cd4e\" data-wf-id=\"[\">ko \u017eeli 3D model prostora<\/li>\n<li data-w-id=\"3d357b12-e733-a1c4-82a1-dfa99e13cd50\" data-wf-id=\"[\">ko \u017eeli rendere ili virtuelnu turu svog enterijera<\/li>\n<li data-w-id=\"3d357b12-e733-a1c4-82a1-dfa99e13cd52\" data-wf-id=\"[\">ko \u017eeli da dobije tehni\u010dki crte\u017e sa dimenzijama name\u0161taja<\/li>\n<\/ul>\n\n<!-- wp:Array \/-->\n\n<h4 class=\"wp-block-heading\"><b>Consultations<\/b><\/h4>\n\n<p>Getting to know your space beforehand<\/p>\n\n<div class=\"wp-block-buttons is-layout-flex wp-block-buttons-is-layout-flex\"><div class=\"wp-block-button\"><a class=\"wp-block-button__link\">BOOK<\/a><\/div><\/div>\n\n<h3 class=\"has-text-align-center wp-block-heading\">PRICE LIST<\/h3>\n\n<p><strong>What is included?<\/strong><\/p>\n\n<p>online<\/p>\n\n<p>8 000 RSD<\/p>\n\n<p>online sastanak u tajanju od 30 minuta<\/p>\n\n<p>Summary of the consultation sent by email<\/p>\n\n<p>Getting to know your space beforehand<\/p>\n\n<p>One-hour meeting at your location<\/p>\n\n<p>Summary of the consultation sent by email<\/p>\n\n<p>Getting to know your space beforehand<\/p>\n\n<p>2D floor plan with newly designed layout and furniture dimensions<\/p>\n\n<p>A collage board with selected furniture pieces, lighting, decor, and color schemes, including links to stores, provided in PDF format.<\/p>\n\n<p>On-site visit<\/p>\n\n\n\n<div class=\"wp-block-buttons is-layout-flex wp-block-buttons-is-layout-flex\"><div class=\"wp-block-button\"><a class=\"wp-block-button__link\">GO BACK TO SERVICES<\/a><\/div><\/div>\n\n<p><b>Required information<\/b><\/p>\n\n<p><b>Koji problem re\u0161ava<\/b><\/p>\n\n<p><b>Who is it not intended for?<\/b><\/p>\n\n<p><b>Who is it intended for?<\/b><\/p>","protected":false},"excerpt":{"rendered":"<p>Konsultacije sa arhitektom | Ure\u0111enje enterijera Ukoliko imate potrebu za stru\u010dnim savetovanjem oko rasporeda i dekora, nudimo vam i konsultantske usluge bilo da se radi o trpezariji ili konferencijskoj sali. Led trake ili podne lampe, ugaona garnitura ili trosed, police za knjige ili umetni\u010dke slike, tu\u0161 kabina ili kada&#8230;dileme su koje mo\u017eete prepustiti profesionalcima na [&hellip;]<\/p>","protected":false},"author":3,"featured_media":0,"parent":0,"menu_order":0,"comment_status":"closed","ping_status":"closed","template":"","meta":{"footnotes":""},"class_list":["post-115","page","type-page","status-publish","hentry"],"aioseo_notices":[],"_links":{"self":[{"href":"https:\/\/architaur.com\/en\/wp-json\/wp\/v2\/pages\/115","targetHints":{"allow":["GET"]}}],"collection":[{"href":"https:\/\/architaur.com\/en\/wp-json\/wp\/v2\/pages"}],"about":[{"href":"https:\/\/architaur.com\/en\/wp-json\/wp\/v2\/types\/page"}],"author":[{"embeddable":true,"href":"https:\/\/architaur.com\/en\/wp-json\/wp\/v2\/users\/3"}],"replies":[{"embeddable":true,"href":"https:\/\/architaur.com\/en\/wp-json\/wp\/v2\/comments?post=115"}],"version-history":[{"count":68,"href":"https:\/\/architaur.com\/en\/wp-json\/wp\/v2\/pages\/115\/revisions"}],"predecessor-version":[{"id":3416,"href":"https:\/\/architaur.com\/en\/wp-json\/wp\/v2\/pages\/115\/revisions\/3416"}],"wp:attachment":[{"href":"https:\/\/architaur.com\/en\/wp-json\/wp\/v2\/media?parent=115"}],"curies":[{"name":"wp","href":"https:\/\/api.w.org\/{rel}","templated":true}]}}